{"id":1709,"date":"2025-10-28T21:01:49","date_gmt":"2025-10-29T02:01:49","guid":{"rendered":"https:\/\/boutiquefloresfloristeria.com\/?page_id=1709"},"modified":"2025-10-28T21:05:20","modified_gmt":"2025-10-29T02:05:20","slug":"suscripcion","status":"publish","type":"page","link":"https:\/\/boutiquefloresfloristeria.com\/en\/suscripcion\/","title":{"rendered":"Suscripci\u00f3n"},"content":{"rendered":"<div data-elementor-type=\"wp-page\" data-elementor-id=\"1709\" class=\"elementor elementor-1709\" data-elementor-post-type=\"page\">\n\t\t\t\t<div data-particle_enable=\"false\" data-particle-mobile-disabled=\"false\" class=\"elementor-element elementor-element-69ff567 e-flex e-con-boxed e-con e-parent\" data-id=\"69ff567\" data-element_type=\"container\" data-settings=\"{&quot;background_background&quot;:&quot;slideshow&quot;,&quot;background_slideshow_gallery&quot;:[{&quot;id&quot;:1277,&quot;url&quot;:&quot;https:\\\/\\\/boutiquefloresfloristeria.com\\\/wp-content\\\/uploads\\\/2025\\\/10\\\/STD-2.jpg&quot;},{&quot;id&quot;:1252,&quot;url&quot;:&quot;https:\\\/\\\/boutiquefloresfloristeria.com\\\/wp-content\\\/uploads\\\/2025\\\/10\\\/FLORES-STD.jpg&quot;}],&quot;background_slideshow_loop&quot;:&quot;yes&quot;,&quot;background_slideshow_slide_duration&quot;:5000,&quot;background_slideshow_slide_transition&quot;:&quot;fade&quot;,&quot;background_slideshow_transition_duration&quot;:500}\">\n\t\t\t\t\t<div class=\"e-con-inner\">\n\t\t\t\t<div class=\"elementor-element elementor-element-b187828 elementor-widget elementor-widget-heading\" data-id=\"b187828\" data-element_type=\"widget\" data-widget_type=\"heading.default\">\n\t\t\t\t<div class=\"elementor-widget-container\">\n\t\t\t\t\t<h6 class=\"elementor-heading-title elementor-size-default\">Boutique Flores Florist<\/h6>\t\t\t\t<\/div>\n\t\t\t\t<\/div>\n\t\t\t\t<div class=\"elementor-element elementor-element-f6d713b elementor-widget elementor-widget-image-box\" data-id=\"f6d713b\" data-element_type=\"widget\" data-widget_type=\"image-box.default\">\n\t\t\t\t<div class=\"elementor-widget-container\">\n\t\t\t\t\t<div class=\"elementor-image-box-wrapper\"><div class=\"elementor-image-box-content\"><h1 class=\"elementor-image-box-title\">Subscription Always Blooms<\/h1><p class=\"elementor-image-box-description\">Can you imagine receiving fresh flowers at home regularly, without having to order them each time? With our Floral Subscription Plan, it&#039;s possible: you&#039;ll receive a beautiful floral arrangement every week, two weeks, or month, carefully designed by us, delivered directly to your door with punctuality and lots of love.<\/p><\/div><\/div>\t\t\t\t<\/div>\n\t\t\t\t<\/div>\n\t\t\t\t<div class=\"elementor-element elementor-element-a70813c elementor-align-center elementor-widget elementor-widget-button\" data-id=\"a70813c\" data-element_type=\"widget\" data-widget_type=\"button.default\">\n\t\t\t\t<div class=\"elementor-widget-container\">\n\t\t\t\t\t\t\t\t\t<div class=\"elementor-button-wrapper\">\n\t\t\t\t\t<a class=\"elementor-button elementor-button-link elementor-size-sm\" href=\"https:\/\/www.mercadopago.com.co\/subscriptions\/checkout?preapproval_plan_id=63eef59bb41944ad9a4f3585f37052f2\" target=\"_blank\" rel=\"noopener\">\n\t\t\t\t\t\t<span class=\"elementor-button-content-wrapper\">\n\t\t\t\t\t\t<span class=\"elementor-button-icon\">\n\t\t\t\t<svg aria-hidden=\"true\" class=\"e-font-icon-svg e-fas-cart-arrow-down\" viewbox=\"0 0 576 512\" xmlns=\"http:\/\/www.w3.org\/2000\/svg\"><path d=\"M504.717 320H211.572l6.545 32h268.418c15.401 0 26.816 14.301 23.403 29.319l-5.517 24.276C523.112 414.668 536 433.828 536 456c0 31.202-25.519 56.444-56.824 55.994-29.823-.429-54.35-24.631-55.155-54.447-.44-16.287 6.085-31.049 16.803-41.548H231.176C241.553 426.165 248 440.326 248 456c0 31.813-26.528 57.431-58.67 55.938-28.54-1.325-51.751-24.385-53.251-52.917-1.158-22.034 10.436-41.455 28.051-51.586L93.883 64H24C10.745 64 0 53.255 0 40V24C0 10.745 10.745 0 24 0h102.529c11.401 0 21.228 8.021 23.513 19.19L159.208 64H551.99c15.401 0 26.816 14.301 23.403 29.319l-47.273 208C525.637 312.246 515.923 320 504.717 320zM403.029 192H360v-60c0-6.627-5.373-12-12-12h-24c-6.627 0-12 5.373-12 12v60h-43.029c-10.691 0-16.045 12.926-8.485 20.485l67.029 67.029c4.686 4.686 12.284 4.686 16.971 0l67.029-67.029c7.559-7.559 2.205-20.485-8.486-20.485z\"><\/path><\/svg>\t\t\t<\/span>\n\t\t\t\t\t\t\t\t\t<span class=\"elementor-button-text\">Buy<\/span>\n\t\t\t\t\t<\/span>\n\t\t\t\t\t<\/a>\n\t\t\t\t<\/div>\n\t\t\t\t\t\t\t\t<\/div>\n\t\t\t\t<\/div>\n\t\t\t\t\t<\/div>\n\t\t\t\t<\/div>\n\t\t\t\t<\/div>","protected":false},"excerpt":{"rendered":"<p>Boutique Flores Florister\u00eda Suscripci\u00f3n Siempre florece \u00bfTe imaginas recibir flores frescas en tu casa con regularidad, sin tener que pedirlo cada vez? Con nuestro Plan de Suscripci\u00f3n Floral es posible: recibir\u00e1s un hermoso arreglo floral cada semana, quincena o mes, cuidadosamente dise\u00f1ado por nosotros, entregado directo a tu puerta con puntualidad y mucho cari\u00f1o. Comprar<\/p>","protected":false},"author":2,"featured_media":0,"parent":0,"menu_order":0,"comment_status":"closed","ping_status":"closed","template":"","meta":{"site-sidebar-layout":"no-sidebar","site-content-layout":"","ast-site-content-layout":"full-width-container","site-content-style":"default","site-sidebar-style":"default","ast-global-header-display":"","ast-banner-title-visibility":"","ast-main-header-display":"","ast-hfb-above-header-display":"","ast-hfb-below-header-display":"","ast-hfb-mobile-header-display":"","site-post-title":"disabled","ast-breadcrumbs-content":"","ast-featured-img":"disabled","footer-sml-layout":"","theme-transparent-header-meta":"disabled","adv-header-id-meta":"","stick-header-meta":"disabled","header-above-stick-meta":"","header-main-stick-meta":"","header-below-stick-meta":"","astra-migrate-meta-layouts":"default","ast-page-background-enabled":"default","ast-page-background-meta":{"desktop":{"background-color":"var(--ast-global-color-4)","background-image":"","background-repeat":"repeat","background-position":"center center","background-size":"auto","background-attachment":"scroll","background-type":"","background-media":"","overlay-type":"","overlay-color":"","overlay-opacity":"","overlay-gradient":""},"tablet":{"background-color":"","background-image":"","background-repeat":"repeat","background-position":"center center","background-size":"auto","background-attachment":"scroll","background-type":"","background-media":"","overlay-type":"","overlay-color":"","overlay-opacity":"","overlay-gradient":""},"mobile":{"background-color":"","background-image":"","background-repeat":"repeat","background-position":"center center","background-size":"auto","background-attachment":"scroll","background-type":"","background-media":"","overlay-type":"","overlay-color":"","overlay-opacity":"","overlay-gradient":""}},"ast-content-background-meta":{"desktop":{"background-color":"var(--ast-global-color-5)","background-image":"","background-repeat":"repeat","background-position":"center center","background-size":"auto","background-attachment":"scroll","background-type":"","background-media":"","overlay-type":"","overlay-color":"","overlay-opacity":"","overlay-gradient":""},"tablet":{"background-color":"var(--ast-global-color-5)","background-image":"","background-repeat":"repeat","background-position":"center center","background-size":"auto","background-attachment":"scroll","background-type":"","background-media":"","overlay-type":"","overlay-color":"","overlay-opacity":"","overlay-gradient":""},"mobile":{"background-color":"var(--ast-global-color-5)","background-image":"","background-repeat":"repeat","background-position":"center center","background-size":"auto","background-attachment":"scroll","background-type":"","background-media":"","overlay-type":"","overlay-color":"","overlay-opacity":"","overlay-gradient":""}},"_joinchat":[],"footnotes":""},"class_list":["post-1709","page","type-page","status-publish","hentry"],"_links":{"self":[{"href":"https:\/\/boutiquefloresfloristeria.com\/en\/wp-json\/wp\/v2\/pages\/1709","targetHints":{"allow":["GET"]}}],"collection":[{"href":"https:\/\/boutiquefloresfloristeria.com\/en\/wp-json\/wp\/v2\/pages"}],"about":[{"href":"https:\/\/boutiquefloresfloristeria.com\/en\/wp-json\/wp\/v2\/types\/page"}],"author":[{"embeddable":true,"href":"https:\/\/boutiquefloresfloristeria.com\/en\/wp-json\/wp\/v2\/users\/2"}],"replies":[{"embeddable":true,"href":"https:\/\/boutiquefloresfloristeria.com\/en\/wp-json\/wp\/v2\/comments?post=1709"}],"version-history":[{"count":10,"href":"https:\/\/boutiquefloresfloristeria.com\/en\/wp-json\/wp\/v2\/pages\/1709\/revisions"}],"predecessor-version":[{"id":1720,"href":"https:\/\/boutiquefloresfloristeria.com\/en\/wp-json\/wp\/v2\/pages\/1709\/revisions\/1720"}],"wp:attachment":[{"href":"https:\/\/boutiquefloresfloristeria.com\/en\/wp-json\/wp\/v2\/media?parent=1709"}],"curies":[{"name":"wp","href":"https:\/\/api.w.org\/{rel}","templated":true}]}}