{"id":287,"date":"2025-10-20T12:52:01","date_gmt":"2025-10-20T17:52:01","guid":{"rendered":"https:\/\/boutiquefloresfloristeria.com\/about\/"},"modified":"2025-10-20T16:27:57","modified_gmt":"2025-10-20T21:27:57","slug":"nuestra-empresa","status":"publish","type":"page","link":"https:\/\/boutiquefloresfloristeria.com\/en\/nuestra-empresa\/","title":{"rendered":"Our Company"},"content":{"rendered":"<div data-elementor-type=\"wp-page\" data-elementor-id=\"287\" class=\"elementor elementor-287\" data-elementor-post-type=\"page\">\n\t\t\t\t<div data-particle_enable=\"false\" data-particle-mobile-disabled=\"false\" class=\"elementor-element elementor-element-91395a8 e-flex e-con-boxed e-con e-parent\" data-id=\"91395a8\" data-element_type=\"container\" data-settings=\"{&quot;background_background&quot;:&quot;classic&quot;}\">\n\t\t\t\t\t<div class=\"e-con-inner\">\n\t\t\t\t<div class=\"elementor-element elementor-element-3fdd4cc elementor-widget elementor-widget-heading\" data-id=\"3fdd4cc\" data-element_type=\"widget\" data-widget_type=\"heading.default\">\n\t\t\t\t<div class=\"elementor-widget-container\">\n\t\t\t\t\t<h6 class=\"elementor-heading-title elementor-size-default\">Our Company<\/h6>\t\t\t\t<\/div>\n\t\t\t\t<\/div>\n\t\t\t\t<div class=\"elementor-element elementor-element-86deba5 elementor-widget elementor-widget-image-box\" data-id=\"86deba5\" data-element_type=\"widget\" data-widget_type=\"image-box.default\">\n\t\t\t\t<div class=\"elementor-widget-container\">\n\t\t\t\t\t<div class=\"elementor-image-box-wrapper\"><div class=\"elementor-image-box-content\"><h1 class=\"elementor-image-box-title\">Passion for flowers, love for details<\/h1><\/div><\/div>\t\t\t\t<\/div>\n\t\t\t\t<\/div>\n\t\t\t\t\t<\/div>\n\t\t\t\t<\/div>\n\t\t<div data-particle_enable=\"false\" data-particle-mobile-disabled=\"false\" class=\"elementor-element elementor-element-5ef1d78 e-flex e-con-boxed e-con e-parent\" data-id=\"5ef1d78\" data-element_type=\"container\">\n\t\t\t\t\t<div class=\"e-con-inner\">\n\t\t<div data-particle_enable=\"false\" data-particle-mobile-disabled=\"false\" class=\"elementor-element elementor-element-9c760ec e-con-full e-flex e-con e-child\" data-id=\"9c760ec\" data-element_type=\"container\">\n\t\t\t\t<div class=\"elementor-element elementor-element-589cb73 elementor-widget-mobile__width-initial elementor-widget__width-initial elementor-widget elementor-widget-image\" data-id=\"589cb73\" data-element_type=\"widget\" data-widget_type=\"image.default\">\n\t\t\t\t<div class=\"elementor-widget-container\">\n\t\t\t\t\t\t\t\t\t\t\t\t\t\t\t<img fetchpriority=\"high\" decoding=\"async\" width=\"963\" height=\"1280\" src=\"https:\/\/boutiquefloresfloristeria.com\/wp-content\/uploads\/2025\/10\/ROSAS-ROSADAS-2.3.jpg\" class=\"attachment-full size-full wp-image-1263\" alt=\"\" srcset=\"https:\/\/boutiquefloresfloristeria.com\/wp-content\/uploads\/2025\/10\/ROSAS-ROSADAS-2.3.jpg 963w, https:\/\/boutiquefloresfloristeria.com\/wp-content\/uploads\/2025\/10\/ROSAS-ROSADAS-2.3-226x300.jpg 226w, https:\/\/boutiquefloresfloristeria.com\/wp-content\/uploads\/2025\/10\/ROSAS-ROSADAS-2.3-770x1024.jpg 770w, https:\/\/boutiquefloresfloristeria.com\/wp-content\/uploads\/2025\/10\/ROSAS-ROSADAS-2.3-768x1021.jpg 768w, https:\/\/boutiquefloresfloristeria.com\/wp-content\/uploads\/2025\/10\/ROSAS-ROSADAS-2.3-600x798.jpg 600w, https:\/\/boutiquefloresfloristeria.com\/wp-content\/uploads\/2025\/10\/ROSAS-ROSADAS-2.3-64x85.jpg 64w\" sizes=\"(max-width: 963px) 100vw, 963px\" \/>\t\t\t\t\t\t\t\t\t\t\t\t\t\t\t<\/div>\n\t\t\t\t<\/div>\n\t\t\t\t<div class=\"elementor-element elementor-element-f921407 elementor-widget-mobile__width-initial elementor-widget elementor-widget-image\" data-id=\"f921407\" data-element_type=\"widget\" data-widget_type=\"image.default\">\n\t\t\t\t<div class=\"elementor-widget-container\">\n\t\t\t\t\t\t\t\t\t\t\t\t\t\t\t<img decoding=\"async\" width=\"1920\" height=\"2560\" data-src=\"https:\/\/boutiquefloresfloristeria.com\/wp-content\/uploads\/2025\/10\/CAJA-ROJA-scaled.jpg\" class=\"attachment-full size-full wp-image-1130 lazyload\" alt=\"\" data-srcset=\"https:\/\/boutiquefloresfloristeria.com\/wp-content\/uploads\/2025\/10\/CAJA-ROJA-scaled.jpg 1920w, https:\/\/boutiquefloresfloristeria.com\/wp-content\/uploads\/2025\/10\/CAJA-ROJA-225x300.jpg 225w, https:\/\/boutiquefloresfloristeria.com\/wp-content\/uploads\/2025\/10\/CAJA-ROJA-768x1024.jpg 768w, https:\/\/boutiquefloresfloristeria.com\/wp-content\/uploads\/2025\/10\/CAJA-ROJA-1152x1536.jpg 1152w, https:\/\/boutiquefloresfloristeria.com\/wp-content\/uploads\/2025\/10\/CAJA-ROJA-1536x2048.jpg 1536w, https:\/\/boutiquefloresfloristeria.com\/wp-content\/uploads\/2025\/10\/CAJA-ROJA-600x800.jpg 600w, https:\/\/boutiquefloresfloristeria.com\/wp-content\/uploads\/2025\/10\/CAJA-ROJA-64x85.jpg 64w\" data-sizes=\"(max-width: 1920px) 100vw, 1920px\" src=\"data:image\/svg+xml;base64,PHN2ZyB3aWR0aD0iMSIgaGVpZ2h0PSIxIiB4bWxucz0iaHR0cDovL3d3dy53My5vcmcvMjAwMC9zdmciPjwvc3ZnPg==\" style=\"--smush-placeholder-width: 1920px; --smush-placeholder-aspect-ratio: 1920\/2560;\" \/>\t\t\t\t\t\t\t\t\t\t\t\t\t\t\t<\/div>\n\t\t\t\t<\/div>\n\t\t\t\t<\/div>\n\t\t<div data-particle_enable=\"false\" data-particle-mobile-disabled=\"false\" class=\"elementor-element elementor-element-eb0e309 e-con-full e-flex e-con e-child\" data-id=\"eb0e309\" data-element_type=\"container\">\n\t\t\t\t<div class=\"elementor-element elementor-element-3a9b206 elementor-widget elementor-widget-image-box\" data-id=\"3a9b206\" data-element_type=\"widget\" data-widget_type=\"image-box.default\">\n\t\t\t\t<div class=\"elementor-widget-container\">\n\t\t\t\t\t<div class=\"elementor-image-box-wrapper\"><div class=\"elementor-image-box-content\"><h2 class=\"elementor-image-box-title\">Flowers that transform moments into memories<\/h2><\/div><\/div>\t\t\t\t<\/div>\n\t\t\t\t<\/div>\n\t\t\t\t<div class=\"elementor-element elementor-element-c37b97c elementor-widget elementor-widget-heading\" data-id=\"c37b97c\" data-element_type=\"widget\" data-widget_type=\"heading.default\">\n\t\t\t\t<div class=\"elementor-widget-container\">\n\t\t\t\t\t<h2 class=\"elementor-heading-title elementor-size-default\">History<\/h2>\t\t\t\t<\/div>\n\t\t\t\t<\/div>\n\t\t\t\t<div class=\"elementor-element elementor-element-b1813c5 elementor-widget elementor-widget-text-editor\" data-id=\"b1813c5\" data-element_type=\"widget\" data-widget_type=\"text-editor.default\">\n\t\t\t\t<div class=\"elementor-widget-container\">\n\t\t\t\t\t\t\t\t\t<p>Boutique Flores Florister\u00eda was born from a love of flowers and a desire to transform every detail into a special memory. We began by creating arrangements for family and friends, and over time we transformed that passion into a flower shop that today offers fresh, unique, and emotionally charged designs for every occasion.<\/p>\t\t\t\t\t\t\t\t<\/div>\n\t\t\t\t<\/div>\n\t\t\t\t<div class=\"elementor-element elementor-element-f81b5a4 elementor-widget elementor-widget-button\" data-id=\"f81b5a4\" data-element_type=\"widget\" data-widget_type=\"button.default\">\n\t\t\t\t<div class=\"elementor-widget-container\">\n\t\t\t\t\t\t\t\t\t<div class=\"elementor-button-wrapper\">\n\t\t\t\t\t<a class=\"elementor-button elementor-button-link elementor-size-sm\" href=\"https:\/\/boutiquefloresfloristeria.com\/en\/tienda\/\">\n\t\t\t\t\t\t<span class=\"elementor-button-content-wrapper\">\n\t\t\t\t\t\t\t\t\t<span class=\"elementor-button-text\">See store<\/span>\n\t\t\t\t\t<\/span>\n\t\t\t\t\t<\/a>\n\t\t\t\t<\/div>\n\t\t\t\t\t\t\t\t<\/div>\n\t\t\t\t<\/div>\n\t\t\t\t<\/div>\n\t\t\t\t\t<\/div>\n\t\t\t\t<\/div>\n\t\t<div data-particle_enable=\"false\" data-particle-mobile-disabled=\"false\" class=\"elementor-element elementor-element-5f306a5 e-flex e-con-boxed e-con e-parent\" data-id=\"5f306a5\" data-element_type=\"container\" data-settings=\"{&quot;background_background&quot;:&quot;classic&quot;}\">\n\t\t\t\t\t<div class=\"e-con-inner\">\n\t\t<div data-particle_enable=\"false\" data-particle-mobile-disabled=\"false\" class=\"elementor-element elementor-element-297972f e-con-full e-flex e-con e-child\" data-id=\"297972f\" data-element_type=\"container\">\n\t\t<div data-particle_enable=\"false\" data-particle-mobile-disabled=\"false\" class=\"elementor-element elementor-element-5d54acf e-con-full e-flex e-con e-child\" data-id=\"5d54acf\" data-element_type=\"container\">\n\t\t\t\t<div class=\"elementor-element elementor-element-1db03c3 elementor-widget elementor-widget-heading\" data-id=\"1db03c3\" data-element_type=\"widget\" data-widget_type=\"heading.default\">\n\t\t\t\t<div class=\"elementor-widget-container\">\n\t\t\t\t\t<h1 class=\"elementor-heading-title elementor-size-default\">Boutique Flowers Florist<\/h1>\t\t\t\t<\/div>\n\t\t\t\t<\/div>\n\t\t\t\t<div class=\"elementor-element elementor-element-2640ad2 elementor-widget elementor-widget-image-box\" data-id=\"2640ad2\" data-element_type=\"widget\" data-widget_type=\"image-box.default\">\n\t\t\t\t<div class=\"elementor-widget-container\">\n\t\t\t\t\t<div class=\"elementor-image-box-wrapper\"><div class=\"elementor-image-box-content\"><p class=\"elementor-image-box-description\">We are a flower shop dedicated to creating personalized and meaningful floral arrangements. Our goal is to convey emotions through fresh flowers, offering unique designs for every occasion.<\/p><\/div><\/div>\t\t\t\t<\/div>\n\t\t\t\t<\/div>\n\t\t\t\t<\/div>\n\t\t<div data-particle_enable=\"false\" data-particle-mobile-disabled=\"false\" class=\"elementor-element elementor-element-61d995e e-con-full e-flex e-con e-child\" data-id=\"61d995e\" data-element_type=\"container\">\n\t\t\t\t<div class=\"elementor-element elementor-element-1d64a19 elementor-widget elementor-widget-image\" data-id=\"1d64a19\" data-element_type=\"widget\" data-widget_type=\"image.default\">\n\t\t\t\t<div class=\"elementor-widget-container\">\n\t\t\t\t\t\t\t\t\t\t\t\t\t\t\t<img decoding=\"async\" width=\"1920\" height=\"2560\" data-src=\"https:\/\/boutiquefloresfloristeria.com\/wp-content\/uploads\/2025\/10\/CILINDRO-M-scaled.jpg\" class=\"attachment-full size-full wp-image-1141 lazyload\" alt=\"\" data-srcset=\"https:\/\/boutiquefloresfloristeria.com\/wp-content\/uploads\/2025\/10\/CILINDRO-M-scaled.jpg 1920w, https:\/\/boutiquefloresfloristeria.com\/wp-content\/uploads\/2025\/10\/CILINDRO-M-225x300.jpg 225w, https:\/\/boutiquefloresfloristeria.com\/wp-content\/uploads\/2025\/10\/CILINDRO-M-768x1024.jpg 768w, https:\/\/boutiquefloresfloristeria.com\/wp-content\/uploads\/2025\/10\/CILINDRO-M-1152x1536.jpg 1152w, https:\/\/boutiquefloresfloristeria.com\/wp-content\/uploads\/2025\/10\/CILINDRO-M-1536x2048.jpg 1536w, https:\/\/boutiquefloresfloristeria.com\/wp-content\/uploads\/2025\/10\/CILINDRO-M-600x800.jpg 600w, https:\/\/boutiquefloresfloristeria.com\/wp-content\/uploads\/2025\/10\/CILINDRO-M-64x85.jpg 64w\" data-sizes=\"(max-width: 1920px) 100vw, 1920px\" src=\"data:image\/svg+xml;base64,PHN2ZyB3aWR0aD0iMSIgaGVpZ2h0PSIxIiB4bWxucz0iaHR0cDovL3d3dy53My5vcmcvMjAwMC9zdmciPjwvc3ZnPg==\" style=\"--smush-placeholder-width: 1920px; --smush-placeholder-aspect-ratio: 1920\/2560;\" \/>\t\t\t\t\t\t\t\t\t\t\t\t\t\t\t<\/div>\n\t\t\t\t<\/div>\n\t\t\t\t<\/div>\n\t\t\t\t<\/div>\n\t\t\t\t\t<\/div>\n\t\t\t\t<\/div>\n\t\t<div data-particle_enable=\"false\" data-particle-mobile-disabled=\"false\" class=\"elementor-element elementor-element-547d8c2 e-flex e-con-boxed e-con e-child\" data-id=\"547d8c2\" data-element_type=\"container\">\n\t\t\t\t\t<div class=\"e-con-inner\">\n\t\t\t\t<div class=\"elementor-element elementor-element-91411cd elementor-widget elementor-widget-image\" data-id=\"91411cd\" data-element_type=\"widget\" data-widget_type=\"image.default\">\n\t\t\t\t<div class=\"elementor-widget-container\">\n\t\t\t\t\t\t\t\t\t\t\t\t\t\t\t<img decoding=\"async\" width=\"1024\" height=\"296\" data-src=\"https:\/\/boutiquefloresfloristeria.com\/wp-content\/uploads\/2025\/10\/BOUQUETS-STDS-1024x296.jpg\" class=\"attachment-large size-large wp-image-1500 lazyload\" alt=\"\" data-srcset=\"https:\/\/boutiquefloresfloristeria.com\/wp-content\/uploads\/2025\/10\/BOUQUETS-STDS-1024x296.jpg 1024w, https:\/\/boutiquefloresfloristeria.com\/wp-content\/uploads\/2025\/10\/BOUQUETS-STDS-300x87.jpg 300w, https:\/\/boutiquefloresfloristeria.com\/wp-content\/uploads\/2025\/10\/BOUQUETS-STDS-768x222.jpg 768w, https:\/\/boutiquefloresfloristeria.com\/wp-content\/uploads\/2025\/10\/BOUQUETS-STDS-1536x444.jpg 1536w, https:\/\/boutiquefloresfloristeria.com\/wp-content\/uploads\/2025\/10\/BOUQUETS-STDS-2048x593.jpg 2048w, https:\/\/boutiquefloresfloristeria.com\/wp-content\/uploads\/2025\/10\/BOUQUETS-STDS-600x174.jpg 600w, https:\/\/boutiquefloresfloristeria.com\/wp-content\/uploads\/2025\/10\/BOUQUETS-STDS-64x19.jpg 64w\" data-sizes=\"(max-width: 1024px) 100vw, 1024px\" src=\"data:image\/svg+xml;base64,PHN2ZyB3aWR0aD0iMSIgaGVpZ2h0PSIxIiB4bWxucz0iaHR0cDovL3d3dy53My5vcmcvMjAwMC9zdmciPjwvc3ZnPg==\" style=\"--smush-placeholder-width: 1024px; --smush-placeholder-aspect-ratio: 1024\/296;\" \/>\t\t\t\t\t\t\t\t\t\t\t\t\t\t\t<\/div>\n\t\t\t\t<\/div>\n\t\t<div data-particle_enable=\"false\" data-particle-mobile-disabled=\"false\" class=\"elementor-element elementor-element-594e6ad e-con-full e-flex e-con e-child\" data-id=\"594e6ad\" data-element_type=\"container\">\n\t\t\t\t<div class=\"elementor-element elementor-element-cd0a7f3 elementor-widget elementor-widget-image-box\" data-id=\"cd0a7f3\" data-element_type=\"widget\" data-widget_type=\"image-box.default\">\n\t\t\t\t<div class=\"elementor-widget-container\">\n\t\t\t\t\t<div class=\"elementor-image-box-wrapper\"><div class=\"elementor-image-box-content\"><h3 class=\"elementor-image-box-title\">Vision<\/h3><p class=\"elementor-image-box-description\">We dream of being the florist you always remember when you want to give a gift of heartfelt emotion. At Boutique Flores Florister\u00eda, we strive to grow by bringing color, freshness, and joy to many homes, making every occasion an unforgettable moment, and becoming part of our customers&#039; most beautiful stories.<\/p><\/div><\/div>\t\t\t\t<\/div>\n\t\t\t\t<\/div>\n\t\t\t\t<div class=\"elementor-element elementor-element-98a18e4 elementor-widget elementor-widget-image-box\" data-id=\"98a18e4\" data-element_type=\"widget\" data-widget_type=\"image-box.default\">\n\t\t\t\t<div class=\"elementor-widget-container\">\n\t\t\t\t\t<div class=\"elementor-image-box-wrapper\"><div class=\"elementor-image-box-content\"><h3 class=\"elementor-image-box-title\">Mission<\/h3><p class=\"elementor-image-box-description\">At Boutique Flores Florister\u00eda, we believe that every flower holds a special message. Our mission is to help you express feelings of love, gratitude, joy, or companionship through unique arrangements, crafted with dedication, creativity, and a lot of care. We want each delivery to be a thoughtful gesture that touches the heart and leaves a lasting impression on the recipient.<\/p><\/div><\/div>\t\t\t\t<\/div>\n\t\t\t\t<\/div>\n\t\t\t\t<\/div>\n\t\t\t\t\t<\/div>\n\t\t\t\t<\/div>\n\t\t<div data-particle_enable=\"false\" data-particle-mobile-disabled=\"false\" class=\"elementor-element elementor-element-0de4c7b e-flex e-con-boxed e-con e-parent\" data-id=\"0de4c7b\" data-element_type=\"container\" data-settings=\"{&quot;background_background&quot;:&quot;classic&quot;}\">\n\t\t\t\t\t<div class=\"e-con-inner\">\n\t\t<div data-particle_enable=\"false\" data-particle-mobile-disabled=\"false\" class=\"elementor-element elementor-element-f9e1c8c e-con-full e-flex e-con e-child\" data-id=\"f9e1c8c\" data-element_type=\"container\">\n\t\t\t\t<div class=\"elementor-element elementor-element-6ae8669 elementor-widget elementor-widget-image\" data-id=\"6ae8669\" data-element_type=\"widget\" data-widget_type=\"image.default\">\n\t\t\t\t<div class=\"elementor-widget-container\">\n\t\t\t\t\t\t\t\t\t\t\t\t\t\t\t<img decoding=\"async\" width=\"1920\" height=\"2560\" data-src=\"https:\/\/boutiquefloresfloristeria.com\/wp-content\/uploads\/2025\/10\/RAMILLETE-GIRASOL-scaled.jpg\" class=\"attachment-full size-full wp-image-1180 lazyload\" alt=\"\" data-srcset=\"https:\/\/boutiquefloresfloristeria.com\/wp-content\/uploads\/2025\/10\/RAMILLETE-GIRASOL-scaled.jpg 1920w, https:\/\/boutiquefloresfloristeria.com\/wp-content\/uploads\/2025\/10\/RAMILLETE-GIRASOL-225x300.jpg 225w, https:\/\/boutiquefloresfloristeria.com\/wp-content\/uploads\/2025\/10\/RAMILLETE-GIRASOL-768x1024.jpg 768w, https:\/\/boutiquefloresfloristeria.com\/wp-content\/uploads\/2025\/10\/RAMILLETE-GIRASOL-1152x1536.jpg 1152w, https:\/\/boutiquefloresfloristeria.com\/wp-content\/uploads\/2025\/10\/RAMILLETE-GIRASOL-1536x2048.jpg 1536w, https:\/\/boutiquefloresfloristeria.com\/wp-content\/uploads\/2025\/10\/RAMILLETE-GIRASOL-600x800.jpg 600w, https:\/\/boutiquefloresfloristeria.com\/wp-content\/uploads\/2025\/10\/RAMILLETE-GIRASOL-64x85.jpg 64w\" data-sizes=\"(max-width: 1920px) 100vw, 1920px\" src=\"data:image\/svg+xml;base64,PHN2ZyB3aWR0aD0iMSIgaGVpZ2h0PSIxIiB4bWxucz0iaHR0cDovL3d3dy53My5vcmcvMjAwMC9zdmciPjwvc3ZnPg==\" style=\"--smush-placeholder-width: 1920px; --smush-placeholder-aspect-ratio: 1920\/2560;\" \/>\t\t\t\t\t\t\t\t\t\t\t\t\t\t\t<\/div>\n\t\t\t\t<\/div>\n\t\t\t\t<\/div>\n\t\t<div data-particle_enable=\"false\" data-particle-mobile-disabled=\"false\" class=\"elementor-element elementor-element-96e47c0 e-con-full e-flex e-con e-child\" data-id=\"96e47c0\" data-element_type=\"container\">\n\t\t\t\t<div class=\"elementor-element elementor-element-62261f3 elementor-widget elementor-widget-heading\" data-id=\"62261f3\" data-element_type=\"widget\" data-widget_type=\"heading.default\">\n\t\t\t\t<div class=\"elementor-widget-container\">\n\t\t\t\t\t<h1 class=\"elementor-heading-title elementor-size-default\">Values<\/h1>\t\t\t\t<\/div>\n\t\t\t\t<\/div>\n\t\t\t\t<div class=\"elementor-element elementor-element-29e3605 elementor-icon-list--layout-traditional elementor-list-item-link-full_width elementor-widget elementor-widget-icon-list\" data-id=\"29e3605\" data-element_type=\"widget\" data-widget_type=\"icon-list.default\">\n\t\t\t\t<div class=\"elementor-widget-container\">\n\t\t\t\t\t\t\t<ul class=\"elementor-icon-list-items\">\n\t\t\t\t\t\t\t<li class=\"elementor-icon-list-item\">\n\t\t\t\t\t\t\t\t\t\t\t<span class=\"elementor-icon-list-icon\">\n\t\t\t\t\t\t\t<svg aria-hidden=\"true\" class=\"e-font-icon-svg e-far-gem\" viewbox=\"0 0 576 512\" xmlns=\"http:\/\/www.w3.org\/2000\/svg\"><path d=\"M464 0H112c-4 0-7.8 2-10 5.4L2 152.6c-2.9 4.4-2.6 10.2.7 14.2l276 340.8c4.8 5.9 13.8 5.9 18.6 0l276-340.8c3.3-4.1 3.6-9.8.7-14.2L474.1 5.4C471.8 2 468.1 0 464 0zm-19.3 48l63.3 96h-68.4l-51.7-96h56.8zm-202.1 0h90.7l51.7 96H191l51.6-96zm-111.3 0h56.8l-51.7 96H68l63.3-96zm-43 144h51.4L208 352 88.3 192zm102.9 0h193.6L288 435.3 191.2 192zM368 352l68.2-160h51.4L368 352z\"><\/path><\/svg>\t\t\t\t\t\t<\/span>\n\t\t\t\t\t\t\t\t\t\t<span class=\"elementor-icon-list-text\">Creativity<\/span>\n\t\t\t\t\t\t\t\t\t<\/li>\n\t\t\t\t\t\t\t\t<li class=\"elementor-icon-list-item\">\n\t\t\t\t\t\t\t\t\t\t\t<span class=\"elementor-icon-list-icon\">\n\t\t\t\t\t\t\t<svg aria-hidden=\"true\" class=\"e-font-icon-svg e-far-gem\" viewbox=\"0 0 576 512\" xmlns=\"http:\/\/www.w3.org\/2000\/svg\"><path d=\"M464 0H112c-4 0-7.8 2-10 5.4L2 152.6c-2.9 4.4-2.6 10.2.7 14.2l276 340.8c4.8 5.9 13.8 5.9 18.6 0l276-340.8c3.3-4.1 3.6-9.8.7-14.2L474.1 5.4C471.8 2 468.1 0 464 0zm-19.3 48l63.3 96h-68.4l-51.7-96h56.8zm-202.1 0h90.7l51.7 96H191l51.6-96zm-111.3 0h56.8l-51.7 96H68l63.3-96zm-43 144h51.4L208 352 88.3 192zm102.9 0h193.6L288 435.3 191.2 192zM368 352l68.2-160h51.4L368 352z\"><\/path><\/svg>\t\t\t\t\t\t<\/span>\n\t\t\t\t\t\t\t\t\t\t<span class=\"elementor-icon-list-text\">Punctuality<\/span>\n\t\t\t\t\t\t\t\t\t<\/li>\n\t\t\t\t\t\t\t\t<li class=\"elementor-icon-list-item\">\n\t\t\t\t\t\t\t\t\t\t\t<span class=\"elementor-icon-list-icon\">\n\t\t\t\t\t\t\t<svg aria-hidden=\"true\" class=\"e-font-icon-svg e-far-gem\" viewbox=\"0 0 576 512\" xmlns=\"http:\/\/www.w3.org\/2000\/svg\"><path d=\"M464 0H112c-4 0-7.8 2-10 5.4L2 152.6c-2.9 4.4-2.6 10.2.7 14.2l276 340.8c4.8 5.9 13.8 5.9 18.6 0l276-340.8c3.3-4.1 3.6-9.8.7-14.2L474.1 5.4C471.8 2 468.1 0 464 0zm-19.3 48l63.3 96h-68.4l-51.7-96h56.8zm-202.1 0h90.7l51.7 96H191l51.6-96zm-111.3 0h56.8l-51.7 96H68l63.3-96zm-43 144h51.4L208 352 88.3 192zm102.9 0h193.6L288 435.3 191.2 192zM368 352l68.2-160h51.4L368 352z\"><\/path><\/svg>\t\t\t\t\t\t<\/span>\n\t\t\t\t\t\t\t\t\t\t<span class=\"elementor-icon-list-text\">Quality<\/span>\n\t\t\t\t\t\t\t\t\t<\/li>\n\t\t\t\t\t\t\t\t<li class=\"elementor-icon-list-item\">\n\t\t\t\t\t\t\t\t\t\t\t<span class=\"elementor-icon-list-icon\">\n\t\t\t\t\t\t\t<svg aria-hidden=\"true\" class=\"e-font-icon-svg e-far-gem\" viewbox=\"0 0 576 512\" xmlns=\"http:\/\/www.w3.org\/2000\/svg\"><path d=\"M464 0H112c-4 0-7.8 2-10 5.4L2 152.6c-2.9 4.4-2.6 10.2.7 14.2l276 340.8c4.8 5.9 13.8 5.9 18.6 0l276-340.8c3.3-4.1 3.6-9.8.7-14.2L474.1 5.4C471.8 2 468.1 0 464 0zm-19.3 48l63.3 96h-68.4l-51.7-96h56.8zm-202.1 0h90.7l51.7 96H191l51.6-96zm-111.3 0h56.8l-51.7 96H68l63.3-96zm-43 144h51.4L208 352 88.3 192zm102.9 0h193.6L288 435.3 191.2 192zM368 352l68.2-160h51.4L368 352z\"><\/path><\/svg>\t\t\t\t\t\t<\/span>\n\t\t\t\t\t\t\t\t\t\t<span class=\"elementor-icon-list-text\">Love for details<\/span>\n\t\t\t\t\t\t\t\t\t<\/li>\n\t\t\t\t\t\t\t\t<li class=\"elementor-icon-list-item\">\n\t\t\t\t\t\t\t\t\t\t\t<span class=\"elementor-icon-list-icon\">\n\t\t\t\t\t\t\t<svg aria-hidden=\"true\" class=\"e-font-icon-svg e-far-gem\" viewbox=\"0 0 576 512\" xmlns=\"http:\/\/www.w3.org\/2000\/svg\"><path d=\"M464 0H112c-4 0-7.8 2-10 5.4L2 152.6c-2.9 4.4-2.6 10.2.7 14.2l276 340.8c4.8 5.9 13.8 5.9 18.6 0l276-340.8c3.3-4.1 3.6-9.8.7-14.2L474.1 5.4C471.8 2 468.1 0 464 0zm-19.3 48l63.3 96h-68.4l-51.7-96h56.8zm-202.1 0h90.7l51.7 96H191l51.6-96zm-111.3 0h56.8l-51.7 96H68l63.3-96zm-43 144h51.4L208 352 88.3 192zm102.9 0h193.6L288 435.3 191.2 192zM368 352l68.2-160h51.4L368 352z\"><\/path><\/svg>\t\t\t\t\t\t<\/span>\n\t\t\t\t\t\t\t\t\t\t<span class=\"elementor-icon-list-text\">Customer proximity<\/span>\n\t\t\t\t\t\t\t\t\t<\/li>\n\t\t\t\t\t\t<\/ul>\n\t\t\t\t\t\t<\/div>\n\t\t\t\t<\/div>\n\t\t\t\t<div class=\"elementor-element elementor-element-dfcbb9f elementor-align-left elementor-mobile-align-center elementor-widget elementor-widget-button\" data-id=\"dfcbb9f\" data-element_type=\"widget\" data-widget_type=\"button.default\">\n\t\t\t\t<div class=\"elementor-widget-container\">\n\t\t\t\t\t\t\t\t\t<div class=\"elementor-button-wrapper\">\n\t\t\t\t\t<a class=\"elementor-button elementor-button-link elementor-size-sm\" href=\"https:\/\/boutiquefloresfloristeria.com\/en\/tienda\/\">\n\t\t\t\t\t\t<span class=\"elementor-button-content-wrapper\">\n\t\t\t\t\t\t\t\t\t<span class=\"elementor-button-text\">See store<\/span>\n\t\t\t\t\t<\/span>\n\t\t\t\t\t<\/a>\n\t\t\t\t<\/div>\n\t\t\t\t\t\t\t\t<\/div>\n\t\t\t\t<\/div>\n\t\t\t\t<\/div>\n\t\t\t\t\t<\/div>\n\t\t\t\t<\/div>\n\t\t\t\t<\/div>","protected":false},"excerpt":{"rendered":"<p>Nuestra Empresa Pasi\u00f3n por las flores, amor por los detalles Flores que transforman momentos en recuerdos Historia Boutique Flores Florister\u00eda naci\u00f3 del amor por las flores y el deseo de convertir cada detalle en un recuerdo especial. Empezamos creando arreglos para familiares y amigos, y con el tiempo transformamos esa pasi\u00f3n en una florister\u00eda que [&hellip;]<\/p>","protected":false},"author":2,"featured_media":0,"parent":0,"menu_order":0,"comment_status":"closed","ping_status":"closed","template":"","meta":{"site-sidebar-layout":"no-sidebar","site-content-layout":"","ast-site-content-layout":"full-width-container","site-content-style":"default","site-sidebar-style":"default","ast-global-header-display":"","ast-banner-title-visibility":"","ast-main-header-display":"","ast-hfb-above-header-display":"","ast-hfb-below-header-display":"","ast-hfb-mobile-header-display":"","site-post-title":"","ast-breadcrumbs-content":"","ast-featured-img":"disabled","footer-sml-layout":"","theme-transparent-header-meta":"","adv-header-id-meta":"","stick-header-meta":"","header-above-stick-meta":"","header-main-stick-meta":"","header-below-stick-meta":"","astra-migrate-meta-layouts":"default","ast-page-background-enabled":"default","ast-page-background-meta":{"desktop":{"background-color":"var(--ast-global-color-4)","background-image":"","background-repeat":"repeat","background-position":"center center","background-size":"auto","background-attachment":"scroll","background-type":"","background-media":"","overlay-type":"","overlay-color":"","overlay-opacity":"","overlay-gradient":""},"tablet":{"background-color":"","background-image":"","background-repeat":"repeat","background-position":"center center","background-size":"auto","background-attachment":"scroll","background-type":"","background-media":"","overlay-type":"","overlay-color":"","overlay-opacity":"","overlay-gradient":""},"mobile":{"background-color":"","background-image":"","background-repeat":"repeat","background-position":"center center","background-size":"auto","background-attachment":"scroll","background-type":"","background-media":"","overlay-type":"","overlay-color":"","overlay-opacity":"","overlay-gradient":""}},"ast-content-background-meta":{"desktop":{"background-color":"var(--ast-global-color-5)","background-image":"","background-repeat":"repeat","background-position":"center center","background-size":"auto","background-attachment":"scroll","background-type":"","background-media":"","overlay-type":"","overlay-color":"","overlay-opacity":"","overlay-gradient":""},"tablet":{"background-color":"var(--ast-global-color-5)","background-image":"","background-repeat":"repeat","background-position":"center center","background-size":"auto","background-attachment":"scroll","background-type":"","background-media":"","overlay-type":"","overlay-color":"","overlay-opacity":"","overlay-gradient":""},"mobile":{"background-color":"var(--ast-global-color-5)","background-image":"","background-repeat":"repeat","background-position":"center center","background-size":"auto","background-attachment":"scroll","background-type":"","background-media":"","overlay-type":"","overlay-color":"","overlay-opacity":"","overlay-gradient":""}},"_joinchat":[],"footnotes":""},"class_list":["post-287","page","type-page","status-publish","hentry"],"_links":{"self":[{"href":"https:\/\/boutiquefloresfloristeria.com\/en\/wp-json\/wp\/v2\/pages\/287","targetHints":{"allow":["GET"]}}],"collection":[{"href":"https:\/\/boutiquefloresfloristeria.com\/en\/wp-json\/wp\/v2\/pages"}],"about":[{"href":"https:\/\/boutiquefloresfloristeria.com\/en\/wp-json\/wp\/v2\/types\/page"}],"author":[{"embeddable":true,"href":"https:\/\/boutiquefloresfloristeria.com\/en\/wp-json\/wp\/v2\/users\/2"}],"replies":[{"embeddable":true,"href":"https:\/\/boutiquefloresfloristeria.com\/en\/wp-json\/wp\/v2\/comments?post=287"}],"version-history":[{"count":22,"href":"https:\/\/boutiquefloresfloristeria.com\/en\/wp-json\/wp\/v2\/pages\/287\/revisions"}],"predecessor-version":[{"id":1587,"href":"https:\/\/boutiquefloresfloristeria.com\/en\/wp-json\/wp\/v2\/pages\/287\/revisions\/1587"}],"wp:attachment":[{"href":"https:\/\/boutiquefloresfloristeria.com\/en\/wp-json\/wp\/v2\/media?parent=287"}],"curies":[{"name":"wp","href":"https:\/\/api.w.org\/{rel}","templated":true}]}}