{"id":1369,"date":"2025-10-20T14:56:55","date_gmt":"2025-10-20T19:56:55","guid":{"rendered":"https:\/\/boutiquefloresfloristeria.com\/tienda\/sin%20categor\u00eda\/ramo\/"},"modified":"2026-03-30T19:52:42","modified_gmt":"2026-03-31T00:52:42","slug":"ramo","status":"publish","type":"product","link":"https:\/\/boutiquefloresfloristeria.com\/en\/tienda\/sin-categorizar\/ramo\/","title":{"rendered":"\u00c9clat d&#039;\u00c9t\u00e9 Branch"},"content":{"rendered":"<p>He <em data-start=\"579\" data-end=\"597\">\u00c9clat d&#039;\u00c9t\u00e9 Branch<\/em> It&#039;s an explosion of color, elegance, and vitality. Blush roses soften the intensity of the orange tones, while lilies and anthuriums add structure and presence. This design evokes the warmth of the sun and the joy of bright days, combining delicacy and character in perfect harmony. Ideal for gifting positive energy, celebrating special moments, or illuminating spaces with a modern and exotic touch. Each flower has been selected to convey strength, passion, and natural beauty at its finest.<\/p>","protected":false},"excerpt":{"rendered":"<p>A luminous and sophisticated bouquet with blush roses, orange spray, lilies and anthuriums that celebrate the warmth and elegance of summer.<\/p>","protected":false},"featured_media":1218,"template":"","meta":{"site-sidebar-layout":"default","site-content-layout":"","ast-site-content-layout":"default","site-content-style":"default","site-sidebar-style":"default","ast-global-header-display":"","ast-banner-title-visibility":"","ast-main-header-display":"","ast-hfb-above-header-display":"","ast-hfb-below-header-display":"","ast-hfb-mobile-header-display":"","site-post-title":"","ast-breadcrumbs-content":"","ast-featured-img":"","footer-sml-layout":"","theme-transparent-header-meta":"default","adv-header-id-meta":"","stick-header-meta":"default","header-above-stick-meta":"","header-main-stick-meta":"","header-below-stick-meta":"","astra-migrate-meta-layouts":"set","ast-page-background-enabled":"default","ast-page-background-meta":{"desktop":{"background-color":"var(--ast-global-color-4)","background-image":"","background-repeat":"repeat","background-position":"center center","background-size":"auto","background-attachment":"scroll","background-type":"","background-media":"","overlay-type":"","overlay-color":"","overlay-opacity":"","overlay-gradient":""},"tablet":{"background-color":"","background-image":"","background-repeat":"repeat","background-position":"center center","background-size":"auto","background-attachment":"scroll","background-type":"","background-media":"","overlay-type":"","overlay-color":"","overlay-opacity":"","overlay-gradient":""},"mobile":{"background-color":"","background-image":"","background-repeat":"repeat","background-position":"center center","background-size":"auto","background-attachment":"scroll","background-type":"","background-media":"","overlay-type":"","overlay-color":"","overlay-opacity":"","overlay-gradient":""}},"ast-content-background-meta":{"desktop":{"background-color":"var(--ast-global-color-5)","background-image":"","background-repeat":"repeat","background-position":"center center","background-size":"auto","background-attachment":"scroll","background-type":"","background-media":"","overlay-type":"","overlay-color":"","overlay-opacity":"","overlay-gradient":""},"tablet":{"background-color":"var(--ast-global-color-5)","background-image":"","background-repeat":"repeat","background-position":"center center","background-size":"auto","background-attachment":"scroll","background-type":"","background-media":"","overlay-type":"","overlay-color":"","overlay-opacity":"","overlay-gradient":""},"mobile":{"background-color":"var(--ast-global-color-5)","background-image":"","background-repeat":"repeat","background-position":"center center","background-size":"auto","background-attachment":"scroll","background-type":"","background-media":"","overlay-type":"","overlay-color":"","overlay-opacity":"","overlay-gradient":""}},"_joinchat":{"telephone":"+573016455419"}},"product_brand":[76],"product_cat":[16],"product_tag":[128,86,115,111],"class_list":{"0":"post-1369","1":"product","2":"type-product","3":"status-publish","4":"has-post-thumbnail","6":"product_brand-boutique-flores-floristeria","7":"product_cat-sin-categorizar","8":"product_tag-anturio","9":"product_tag-lirios","10":"product_tag-ramo","11":"product_tag-rosas-naranjas","12":"desktop-align-center","13":"tablet-align-left","14":"mobile-align-center","15":"ast-product-gallery-layout-vertical-slider","16":"ast-product-gallery-with-no-image","17":"ast-product-tabs-layout-horizontal","18":"ast-qv-on-image","20":"first","21":"instock","22":"shipping-taxable","23":"purchasable","24":"product-type-simple"},"_links":{"self":[{"href":"https:\/\/boutiquefloresfloristeria.com\/en\/wp-json\/wp\/v2\/product\/1369","targetHints":{"allow":["GET"]}}],"collection":[{"href":"https:\/\/boutiquefloresfloristeria.com\/en\/wp-json\/wp\/v2\/product"}],"about":[{"href":"https:\/\/boutiquefloresfloristeria.com\/en\/wp-json\/wp\/v2\/types\/product"}],"wp:featuredmedia":[{"embeddable":true,"href":"https:\/\/boutiquefloresfloristeria.com\/en\/wp-json\/wp\/v2\/media\/1218"}],"wp:attachment":[{"href":"https:\/\/boutiquefloresfloristeria.com\/en\/wp-json\/wp\/v2\/media?parent=1369"}],"wp:term":[{"taxonomy":"product_brand","embeddable":true,"href":"https:\/\/boutiquefloresfloristeria.com\/en\/wp-json\/wp\/v2\/product_brand?post=1369"},{"taxonomy":"product_cat","embeddable":true,"href":"https:\/\/boutiquefloresfloristeria.com\/en\/wp-json\/wp\/v2\/product_cat?post=1369"},{"taxonomy":"product_tag","embeddable":true,"href":"https:\/\/boutiquefloresfloristeria.com\/en\/wp-json\/wp\/v2\/product_tag?post=1369"}],"curies":[{"name":"wp","href":"https:\/\/api.w.org\/{rel}","templated":true}]}}