{"id":2015,"date":"2026-04-10T20:19:38","date_gmt":"2026-04-11T01:19:38","guid":{"rendered":"https:\/\/boutiquefloresfloristeria.com\/?post_type=product&#038;p=2015"},"modified":"2026-04-10T20:19:38","modified_gmt":"2026-04-11T01:19:38","slug":"ramo-luz-eterna","status":"publish","type":"product","link":"https:\/\/boutiquefloresfloristeria.com\/en\/tienda\/funebres-y-condolencias\/ramo-luz-eterna\/","title":{"rendered":"Eternal Light Bouquet"},"content":{"rendered":"<p>Luz Eterna es un ramo f\u00fanebre elaborado con delicadas rosas blancas que simbolizan la pureza, el respeto y la tranquilidad del alma. Acompa\u00f1ado de un mo\u00f1o blanco, este arreglo transmite un mensaje de consuelo, acompa\u00f1amiento y amor en momentos dif\u00edciles. Es un detalle sobrio y elegante para honrar la memoria de un ser querido y brindar apoyo sincero a sus familiares.<\/p>","protected":false},"excerpt":{"rendered":"<p>Un homenaje lleno de paz, pureza y amor eterno.<\/p>","protected":false},"featured_media":1995,"template":"","meta":{"site-sidebar-layout":"default","site-content-layout":"","ast-site-content-layout":"default","site-content-style":"default","site-sidebar-style":"default","ast-global-header-display":"","ast-banner-title-visibility":"","ast-main-header-display":"","ast-hfb-above-header-display":"","ast-hfb-below-header-display":"","ast-hfb-mobile-header-display":"","site-post-title":"","ast-breadcrumbs-content":"","ast-featured-img":"","footer-sml-layout":"","theme-transparent-header-meta":"default","adv-header-id-meta":"","stick-header-meta":"default","header-above-stick-meta":"","header-main-stick-meta":"","header-below-stick-meta":"","astra-migrate-meta-layouts":"set","ast-page-background-enabled":"default","ast-page-background-meta":{"desktop":{"background-color":"var(--ast-global-color-4)","background-image":"","background-repeat":"repeat","background-position":"center center","background-size":"auto","background-attachment":"scroll","background-type":"","background-media":"","overlay-type":"","overlay-color":"","overlay-opacity":"","overlay-gradient":""},"tablet":{"background-color":"","background-image":"","background-repeat":"repeat","background-position":"center center","background-size":"auto","background-attachment":"scroll","background-type":"","background-media":"","overlay-type":"","overlay-color":"","overlay-opacity":"","overlay-gradient":""},"mobile":{"background-color":"","background-image":"","background-repeat":"repeat","background-position":"center center","background-size":"auto","background-attachment":"scroll","background-type":"","background-media":"","overlay-type":"","overlay-color":"","overlay-opacity":"","overlay-gradient":""}},"ast-content-background-meta":{"desktop":{"background-color":"var(--ast-global-color-5)","background-image":"","background-repeat":"repeat","background-position":"center center","background-size":"auto","background-attachment":"scroll","background-type":"","background-media":"","overlay-type":"","overlay-color":"","overlay-opacity":"","overlay-gradient":""},"tablet":{"background-color":"var(--ast-global-color-5)","background-image":"","background-repeat":"repeat","background-position":"center center","background-size":"auto","background-attachment":"scroll","background-type":"","background-media":"","overlay-type":"","overlay-color":"","overlay-opacity":"","overlay-gradient":""},"mobile":{"background-color":"var(--ast-global-color-5)","background-image":"","background-repeat":"repeat","background-position":"center center","background-size":"auto","background-attachment":"scroll","background-type":"","background-media":"","overlay-type":"","overlay-color":"","overlay-opacity":"","overlay-gradient":""}},"_joinchat":{"telephone":"+573016455419"}},"product_brand":[76],"product_cat":[30,157],"product_tag":[303],"class_list":{"0":"post-2015","1":"product","2":"type-product","3":"status-publish","4":"has-post-thumbnail","6":"product_brand-boutique-flores-floristeria","7":"product_cat-funebres-y-condolencias","8":"product_cat-ramo-de-flores","9":"product_tag-ramo-de-rosas-blancas","10":"desktop-align-center","11":"tablet-align-left","12":"mobile-align-center","13":"ast-product-gallery-layout-vertical-slider","14":"ast-product-gallery-with-no-image","15":"ast-product-tabs-layout-horizontal","16":"ast-qv-on-image","18":"first","19":"instock","20":"shipping-taxable","21":"purchasable","22":"product-type-simple"},"_links":{"self":[{"href":"https:\/\/boutiquefloresfloristeria.com\/en\/wp-json\/wp\/v2\/product\/2015","targetHints":{"allow":["GET"]}}],"collection":[{"href":"https:\/\/boutiquefloresfloristeria.com\/en\/wp-json\/wp\/v2\/product"}],"about":[{"href":"https:\/\/boutiquefloresfloristeria.com\/en\/wp-json\/wp\/v2\/types\/product"}],"wp:featuredmedia":[{"embeddable":true,"href":"https:\/\/boutiquefloresfloristeria.com\/en\/wp-json\/wp\/v2\/media\/1995"}],"wp:attachment":[{"href":"https:\/\/boutiquefloresfloristeria.com\/en\/wp-json\/wp\/v2\/media?parent=2015"}],"wp:term":[{"taxonomy":"product_brand","embeddable":true,"href":"https:\/\/boutiquefloresfloristeria.com\/en\/wp-json\/wp\/v2\/product_brand?post=2015"},{"taxonomy":"product_cat","embeddable":true,"href":"https:\/\/boutiquefloresfloristeria.com\/en\/wp-json\/wp\/v2\/product_cat?post=2015"},{"taxonomy":"product_tag","embeddable":true,"href":"https:\/\/boutiquefloresfloristeria.com\/en\/wp-json\/wp\/v2\/product_tag?post=2015"}],"curies":[{"name":"wp","href":"https:\/\/api.w.org\/{rel}","templated":true}]}}