{"id":2019,"date":"2026-04-10T21:51:59","date_gmt":"2026-04-11T02:51:59","guid":{"rendered":"https:\/\/boutiquefloresfloristeria.com\/?post_type=product&#038;p=2019"},"modified":"2026-04-10T21:51:59","modified_gmt":"2026-04-11T02:51:59","slug":"ramo-consuelo-divino","status":"publish","type":"product","link":"https:\/\/boutiquefloresfloristeria.com\/en\/tienda\/funebres-y-condolencias\/ramo-consuelo-divino\/","title":{"rendered":"Bouquet of Divine Consolation"},"content":{"rendered":"<p>Consuelo Divino es un arreglo floral que combina la pureza de las rosas blancas y la elegancia de los lirios, acompa\u00f1ado de la presencia del Divino Ni\u00f1o Jes\u00fas, s\u00edmbolo de fe, protecci\u00f3n y esperanza.<br data-start=\"537\" data-end=\"540\" \/>Este dise\u00f1o est\u00e1 pensado para transmitir consuelo espiritual, fortaleza y acompa\u00f1amiento en momentos de tristeza, convirti\u00e9ndose en un detalle significativo que expresa amor, respeto y confianza en Dios.<\/p>","protected":false},"excerpt":{"rendered":"<p>Un arreglo que une flores y fe para brindar paz en momentos dif\u00edciles.<\/p>","protected":false},"featured_media":2000,"template":"","meta":{"site-sidebar-layout":"default","site-content-layout":"","ast-site-content-layout":"default","site-content-style":"default","site-sidebar-style":"default","ast-global-header-display":"","ast-banner-title-visibility":"","ast-main-header-display":"","ast-hfb-above-header-display":"","ast-hfb-below-header-display":"","ast-hfb-mobile-header-display":"","site-post-title":"","ast-breadcrumbs-content":"","ast-featured-img":"","footer-sml-layout":"","theme-transparent-header-meta":"default","adv-header-id-meta":"","stick-header-meta":"default","header-above-stick-meta":"","header-main-stick-meta":"","header-below-stick-meta":"","astra-migrate-meta-layouts":"set","ast-page-background-enabled":"default","ast-page-background-meta":{"desktop":{"background-color":"var(--ast-global-color-4)","background-image":"","background-repeat":"repeat","background-position":"center center","background-size":"auto","background-attachment":"scroll","background-type":"","background-media":"","overlay-type":"","overlay-color":"","overlay-opacity":"","overlay-gradient":""},"tablet":{"background-color":"","background-image":"","background-repeat":"repeat","background-position":"center center","background-size":"auto","background-attachment":"scroll","background-type":"","background-media":"","overlay-type":"","overlay-color":"","overlay-opacity":"","overlay-gradient":""},"mobile":{"background-color":"","background-image":"","background-repeat":"repeat","background-position":"center center","background-size":"auto","background-attachment":"scroll","background-type":"","background-media":"","overlay-type":"","overlay-color":"","overlay-opacity":"","overlay-gradient":""}},"ast-content-background-meta":{"desktop":{"background-color":"var(--ast-global-color-5)","background-image":"","background-repeat":"repeat","background-position":"center center","background-size":"auto","background-attachment":"scroll","background-type":"","background-media":"","overlay-type":"","overlay-color":"","overlay-opacity":"","overlay-gradient":""},"tablet":{"background-color":"var(--ast-global-color-5)","background-image":"","background-repeat":"repeat","background-position":"center center","background-size":"auto","background-attachment":"scroll","background-type":"","background-media":"","overlay-type":"","overlay-color":"","overlay-opacity":"","overlay-gradient":""},"mobile":{"background-color":"var(--ast-global-color-5)","background-image":"","background-repeat":"repeat","background-position":"center center","background-size":"auto","background-attachment":"scroll","background-type":"","background-media":"","overlay-type":"","overlay-color":"","overlay-opacity":"","overlay-gradient":""}},"_joinchat":{"telephone":"+573016455419"}},"product_brand":[76],"product_cat":[30],"product_tag":[311,310],"class_list":{"0":"post-2019","1":"product","2":"type-product","3":"status-publish","4":"has-post-thumbnail","6":"product_brand-boutique-flores-floristeria","7":"product_cat-funebres-y-condolencias","8":"product_tag-lirios-blancos-y-el-divino-nino-jesus","9":"product_tag-ramo-funebre-con-rosas-blancas","10":"desktop-align-center","11":"tablet-align-left","12":"mobile-align-center","13":"ast-product-gallery-layout-vertical-slider","14":"ast-product-gallery-with-no-image","15":"ast-product-tabs-layout-horizontal","16":"ast-qv-on-image","18":"first","19":"instock","20":"shipping-taxable","21":"purchasable","22":"product-type-simple"},"_links":{"self":[{"href":"https:\/\/boutiquefloresfloristeria.com\/en\/wp-json\/wp\/v2\/product\/2019","targetHints":{"allow":["GET"]}}],"collection":[{"href":"https:\/\/boutiquefloresfloristeria.com\/en\/wp-json\/wp\/v2\/product"}],"about":[{"href":"https:\/\/boutiquefloresfloristeria.com\/en\/wp-json\/wp\/v2\/types\/product"}],"wp:featuredmedia":[{"embeddable":true,"href":"https:\/\/boutiquefloresfloristeria.com\/en\/wp-json\/wp\/v2\/media\/2000"}],"wp:attachment":[{"href":"https:\/\/boutiquefloresfloristeria.com\/en\/wp-json\/wp\/v2\/media?parent=2019"}],"wp:term":[{"taxonomy":"product_brand","embeddable":true,"href":"https:\/\/boutiquefloresfloristeria.com\/en\/wp-json\/wp\/v2\/product_brand?post=2019"},{"taxonomy":"product_cat","embeddable":true,"href":"https:\/\/boutiquefloresfloristeria.com\/en\/wp-json\/wp\/v2\/product_cat?post=2019"},{"taxonomy":"product_tag","embeddable":true,"href":"https:\/\/boutiquefloresfloristeria.com\/en\/wp-json\/wp\/v2\/product_tag?post=2019"}],"curies":[{"name":"wp","href":"https:\/\/api.w.org\/{rel}","templated":true}]}}