{"id":2085,"date":"2026-05-09T02:25:50","date_gmt":"2026-05-09T07:25:50","guid":{"rendered":"https:\/\/boutiquefloresfloristeria.com\/?post_type=product&#038;p=2085"},"modified":"2026-05-09T02:25:51","modified_gmt":"2026-05-09T07:25:51","slug":"eterno-amor","status":"publish","type":"product","link":"https:\/\/boutiquefloresfloristeria.com\/en\/tienda\/dia-de-la-madre\/eterno-amor\/","title":{"rendered":"Eternal Love"},"content":{"rendered":"<p data-start=\"193\" data-end=\"554\">Un detalle elegante y lleno de significado<br data-start=\"240\" data-end=\"243\" \/>Eterno Amor es un majestuoso arreglo de rosas rojas cuidadosamente dise\u00f1ado para sorprender de una manera inolvidable. Su presentaci\u00f3n elegante, acompa\u00f1ada de un delicado mo\u00f1o decorativo, lo convierte en el regalo perfecto para aniversarios, cumplea\u00f1os, D\u00eda de la madre, fechas especiales o simplemente para decir \u201cte amo\u201d \ud83d\udc90\u2728<\/p>\n<p data-start=\"556\" data-end=\"664\">Cada rosa simboliza amor, pasi\u00f3n y admiraci\u00f3n, creando un detalle impactante que roba miradas y emociones \ud83e\udd0d<\/p>\n<p data-start=\"666\" data-end=\"758\">Ideal para sorprender a esa persona especial con un gesto lleno de romanticismo y elegancia.<\/p>\n<p data-start=\"760\" data-end=\"865\">\ud83c\udf38 Includes:<br \/>\n\u2022 Rosas rojas frescas<br data-start=\"793\" data-end=\"796\" \/>\u2022 Base elegante decorativa<br data-start=\"822\" data-end=\"825\" \/>\u2022 Mo\u00f1o de lujo<br data-start=\"839\" data-end=\"842\" \/>\u2022 Dise\u00f1o floral premium<\/p>\n<p data-start=\"867\" data-end=\"905\" data-is-last-node=\"\" data-is-only-node=\"\">\u2728 Disponible para entrega en Medell\u00edn.<\/p>","protected":false},"excerpt":{"rendered":"<p>A stunning arrangement of red roses designed to express love, passion, and admiration in a grand way.<\/p>","protected":false},"featured_media":2086,"template":"","meta":{"site-sidebar-layout":"default","site-content-layout":"","ast-site-content-layout":"default","site-content-style":"default","site-sidebar-style":"default","ast-global-header-display":"","ast-banner-title-visibility":"","ast-main-header-display":"","ast-hfb-above-header-display":"","ast-hfb-below-header-display":"","ast-hfb-mobile-header-display":"","site-post-title":"","ast-breadcrumbs-content":"","ast-featured-img":"","footer-sml-layout":"","ast-disable-related-posts":"","theme-transparent-header-meta":"default","adv-header-id-meta":"","stick-header-meta":"default","header-above-stick-meta":"","header-main-stick-meta":"","header-below-stick-meta":"","astra-migrate-meta-layouts":"set","ast-page-background-enabled":"default","ast-page-background-meta":{"desktop":{"background-color":"var(--ast-global-color-4)","background-image":"","background-repeat":"repeat","background-position":"center center","background-size":"auto","background-attachment":"scroll","background-type":"","background-media":"","overlay-type":"","overlay-color":"","overlay-opacity":"","overlay-gradient":""},"tablet":{"background-color":"","background-image":"","background-repeat":"repeat","background-position":"center center","background-size":"auto","background-attachment":"scroll","background-type":"","background-media":"","overlay-type":"","overlay-color":"","overlay-opacity":"","overlay-gradient":""},"mobile":{"background-color":"","background-image":"","background-repeat":"repeat","background-position":"center center","background-size":"auto","background-attachment":"scroll","background-type":"","background-media":"","overlay-type":"","overlay-color":"","overlay-opacity":"","overlay-gradient":""}},"ast-content-background-meta":{"desktop":{"background-color":"var(--ast-global-color-5)","background-image":"","background-repeat":"repeat","background-position":"center center","background-size":"auto","background-attachment":"scroll","background-type":"","background-media":"","overlay-type":"","overlay-color":"","overlay-opacity":"","overlay-gradient":""},"tablet":{"background-color":"var(--ast-global-color-5)","background-image":"","background-repeat":"repeat","background-position":"center center","background-size":"auto","background-attachment":"scroll","background-type":"","background-media":"","overlay-type":"","overlay-color":"","overlay-opacity":"","overlay-gradient":""},"mobile":{"background-color":"var(--ast-global-color-5)","background-image":"","background-repeat":"repeat","background-position":"center center","background-size":"auto","background-attachment":"scroll","background-type":"","background-media":"","overlay-type":"","overlay-color":"","overlay-opacity":"","overlay-gradient":""}},"_joinchat":[]},"product_brand":[76],"product_cat":[326,16,301,325],"product_tag":[140,75],"class_list":{"0":"post-2085","1":"product","2":"type-product","3":"status-publish","4":"has-post-thumbnail","6":"product_brand-boutique-flores-floristeria","7":"product_cat-dia-de-la-madre","8":"product_cat-amor-y-amistad","9":"product_cat-cumpleanos","10":"product_cat-san-valentin","11":"product_tag-rosas","12":"product_tag-rosas-rojas","13":"desktop-align-center","14":"tablet-align-left","15":"mobile-align-center","16":"ast-product-gallery-layout-vertical-slider","17":"ast-product-gallery-with-no-image","18":"ast-product-tabs-layout-horizontal","19":"ast-qv-on-image","21":"first","22":"instock","23":"shipping-taxable","24":"purchasable","25":"product-type-simple"},"_links":{"self":[{"href":"https:\/\/boutiquefloresfloristeria.com\/en\/wp-json\/wp\/v2\/product\/2085","targetHints":{"allow":["GET"]}}],"collection":[{"href":"https:\/\/boutiquefloresfloristeria.com\/en\/wp-json\/wp\/v2\/product"}],"about":[{"href":"https:\/\/boutiquefloresfloristeria.com\/en\/wp-json\/wp\/v2\/types\/product"}],"wp:featuredmedia":[{"embeddable":true,"href":"https:\/\/boutiquefloresfloristeria.com\/en\/wp-json\/wp\/v2\/media\/2086"}],"wp:attachment":[{"href":"https:\/\/boutiquefloresfloristeria.com\/en\/wp-json\/wp\/v2\/media?parent=2085"}],"wp:term":[{"taxonomy":"product_brand","embeddable":true,"href":"https:\/\/boutiquefloresfloristeria.com\/en\/wp-json\/wp\/v2\/product_brand?post=2085"},{"taxonomy":"product_cat","embeddable":true,"href":"https:\/\/boutiquefloresfloristeria.com\/en\/wp-json\/wp\/v2\/product_cat?post=2085"},{"taxonomy":"product_tag","embeddable":true,"href":"https:\/\/boutiquefloresfloristeria.com\/en\/wp-json\/wp\/v2\/product_tag?post=2085"}],"curies":[{"name":"wp","href":"https:\/\/api.w.org\/{rel}","templated":true}]}}