{"id":2096,"date":"2026-05-09T02:39:11","date_gmt":"2026-05-09T07:39:11","guid":{"rendered":"https:\/\/boutiquefloresfloristeria.com\/?post_type=product&#038;p=2096"},"modified":"2026-05-09T02:39:12","modified_gmt":"2026-05-09T07:39:12","slug":"esfera-de-amor","status":"publish","type":"product","link":"https:\/\/boutiquefloresfloristeria.com\/en\/tienda\/amor-y-amistad\/esfera-de-amor\/","title":{"rendered":"Sphere of Love"},"content":{"rendered":"<p data-start=\"221\" data-end=\"461\">Esfera de Amor\u201d es un arreglo floral impactante que roba todas las miradas \u2764\ufe0f\ud83c\udf39<br data-start=\"301\" data-end=\"304\" \/>Dise\u00f1ado con 100 rosas rojas frescas organizadas en una elegante forma de esfera, este cilindro representa amor, pasi\u00f3n y admiraci\u00f3n en su m\u00e1xima expresi\u00f3n \u2728<\/p>\n<p data-start=\"463\" data-end=\"625\">Su presentaci\u00f3n lujosa y sofisticada lo convierte en el regalo perfecto para aniversarios, cumplea\u00f1os, propuestas, celebraciones especiales y D\u00eda de la Madre<br \/>\n\ud83c\udf38 Includes:<br \/>\n\u2022 100 rosas rojas premium<br data-start=\"858\" data-end=\"861\" \/>\u2022 Dise\u00f1o floral en esfera<br data-start=\"886\" data-end=\"889\" \/>\u2022 Elegant decorative cylinder<br data-start=\"919\" data-end=\"922\" \/>\u2022 Mo\u00f1o de lujo y acabados especiales<br data-start=\"958\" data-end=\"961\" \/>\u2022 Presentaci\u00f3n premium<\/p>","protected":false},"excerpt":{"rendered":"<p>Stunning cylinder with 100 red roses in a sphere design, created to surprise with elegance, romance and luxury<\/p>","protected":false},"featured_media":2089,"template":"","meta":{"site-sidebar-layout":"default","site-content-layout":"","ast-site-content-layout":"default","site-content-style":"default","site-sidebar-style":"default","ast-global-header-display":"","ast-banner-title-visibility":"","ast-main-header-display":"","ast-hfb-above-header-display":"","ast-hfb-below-header-display":"","ast-hfb-mobile-header-display":"","site-post-title":"","ast-breadcrumbs-content":"","ast-featured-img":"","footer-sml-layout":"","ast-disable-related-posts":"","theme-transparent-header-meta":"default","adv-header-id-meta":"","stick-header-meta":"default","header-above-stick-meta":"","header-main-stick-meta":"","header-below-stick-meta":"","astra-migrate-meta-layouts":"set","ast-page-background-enabled":"default","ast-page-background-meta":{"desktop":{"background-color":"var(--ast-global-color-4)","background-image":"","background-repeat":"repeat","background-position":"center center","background-size":"auto","background-attachment":"scroll","background-type":"","background-media":"","overlay-type":"","overlay-color":"","overlay-opacity":"","overlay-gradient":""},"tablet":{"background-color":"","background-image":"","background-repeat":"repeat","background-position":"center center","background-size":"auto","background-attachment":"scroll","background-type":"","background-media":"","overlay-type":"","overlay-color":"","overlay-opacity":"","overlay-gradient":""},"mobile":{"background-color":"","background-image":"","background-repeat":"repeat","background-position":"center center","background-size":"auto","background-attachment":"scroll","background-type":"","background-media":"","overlay-type":"","overlay-color":"","overlay-opacity":"","overlay-gradient":""}},"ast-content-background-meta":{"desktop":{"background-color":"var(--ast-global-color-5)","background-image":"","background-repeat":"repeat","background-position":"center center","background-size":"auto","background-attachment":"scroll","background-type":"","background-media":"","overlay-type":"","overlay-color":"","overlay-opacity":"","overlay-gradient":""},"tablet":{"background-color":"var(--ast-global-color-5)","background-image":"","background-repeat":"repeat","background-position":"center center","background-size":"auto","background-attachment":"scroll","background-type":"","background-media":"","overlay-type":"","overlay-color":"","overlay-opacity":"","overlay-gradient":""},"mobile":{"background-color":"var(--ast-global-color-5)","background-image":"","background-repeat":"repeat","background-position":"center center","background-size":"auto","background-attachment":"scroll","background-type":"","background-media":"","overlay-type":"","overlay-color":"","overlay-opacity":"","overlay-gradient":""}},"_joinchat":[]},"product_brand":[76],"product_cat":[16,300,26,326,325],"product_tag":[140,75],"class_list":{"0":"post-2096","1":"product","2":"type-product","3":"status-publish","4":"has-post-thumbnail","6":"product_brand-boutique-flores-floristeria","7":"product_cat-amor-y-amistad","8":"product_cat-aniversario","9":"product_cat-cajas-de-flores","10":"product_cat-dia-de-la-madre","11":"product_cat-san-valentin","12":"product_tag-rosas","13":"product_tag-rosas-rojas","14":"desktop-align-center","15":"tablet-align-left","16":"mobile-align-center","17":"ast-product-gallery-layout-vertical-slider","18":"ast-product-gallery-with-no-image","19":"ast-product-tabs-layout-horizontal","20":"ast-qv-on-image","22":"first","23":"instock","24":"shipping-taxable","25":"purchasable","26":"product-type-simple"},"_links":{"self":[{"href":"https:\/\/boutiquefloresfloristeria.com\/en\/wp-json\/wp\/v2\/product\/2096","targetHints":{"allow":["GET"]}}],"collection":[{"href":"https:\/\/boutiquefloresfloristeria.com\/en\/wp-json\/wp\/v2\/product"}],"about":[{"href":"https:\/\/boutiquefloresfloristeria.com\/en\/wp-json\/wp\/v2\/types\/product"}],"wp:featuredmedia":[{"embeddable":true,"href":"https:\/\/boutiquefloresfloristeria.com\/en\/wp-json\/wp\/v2\/media\/2089"}],"wp:attachment":[{"href":"https:\/\/boutiquefloresfloristeria.com\/en\/wp-json\/wp\/v2\/media?parent=2096"}],"wp:term":[{"taxonomy":"product_brand","embeddable":true,"href":"https:\/\/boutiquefloresfloristeria.com\/en\/wp-json\/wp\/v2\/product_brand?post=2096"},{"taxonomy":"product_cat","embeddable":true,"href":"https:\/\/boutiquefloresfloristeria.com\/en\/wp-json\/wp\/v2\/product_cat?post=2096"},{"taxonomy":"product_tag","embeddable":true,"href":"https:\/\/boutiquefloresfloristeria.com\/en\/wp-json\/wp\/v2\/product_tag?post=2096"}],"curies":[{"name":"wp","href":"https:\/\/api.w.org\/{rel}","templated":true}]}}