{"id":2098,"date":"2026-05-09T02:44:52","date_gmt":"2026-05-09T07:44:52","guid":{"rendered":"https:\/\/boutiquefloresfloristeria.com\/?post_type=product&#038;p=2098"},"modified":"2026-05-09T02:47:44","modified_gmt":"2026-05-09T07:47:44","slug":"luna-de-amor","status":"publish","type":"product","link":"https:\/\/boutiquefloresfloristeria.com\/en\/tienda\/amor-y-amistad\/luna-de-amor\/","title":{"rendered":"Love Moon"},"content":{"rendered":"<p data-start=\"234\" data-end=\"384\">Luna de Amor\u201d es un hermoso ramo estilo media luna que combina la intensidad de las rosas rojas con la alegr\u00eda y calidez de las rosas amarillas \ud83c\udf39<\/p>\n<p data-start=\"386\" data-end=\"617\">Su dise\u00f1o moderno y elegante crea una presentaci\u00f3n llamativa y sofisticada, perfecta para sorprender en cumplea\u00f1os, aniversarios, celebraciones especiales, D\u00eda de la Madre o simplemente para alegrarle el d\u00eda a alguien especial \ud83d\udc90\ud83e\udd0d<\/p>\n<p data-start=\"619\" data-end=\"791\">Las rosas rojas simbolizan amor y pasi\u00f3n, mientras que las amarillas representan felicidad, amistad y gratitud, formando una combinaci\u00f3n llena de emociones y significado \ud83c\udf38<\/p>\n<p data-start=\"793\" data-end=\"960\">\ud83c\udf38 Includes:<br \/>\n\u2022 Rosas rojas frescas<br data-start=\"826\" data-end=\"829\" \/>\u2022 Rosas amarillas premium<br data-start=\"854\" data-end=\"857\" \/>\u2022 Dise\u00f1o estilo media luna<br data-start=\"883\" data-end=\"886\" \/>\u2022 Envoltura elegante y mo\u00f1os decorativos<br data-start=\"926\" data-end=\"929\" \/>\u2022 Presentaci\u00f3n floral exclusiva<\/p>","protected":false},"excerpt":{"rendered":"<p>Elegant half-moon bouquet with red and yellow roses, designed to convey love, joy and admiration in an unforgettable gesture<\/p>","protected":false},"featured_media":2094,"template":"","meta":{"site-sidebar-layout":"default","site-content-layout":"","ast-site-content-layout":"default","site-content-style":"default","site-sidebar-style":"default","ast-global-header-display":"","ast-banner-title-visibility":"","ast-main-header-display":"","ast-hfb-above-header-display":"","ast-hfb-below-header-display":"","ast-hfb-mobile-header-display":"","site-post-title":"","ast-breadcrumbs-content":"","ast-featured-img":"","footer-sml-layout":"","ast-disable-related-posts":"","theme-transparent-header-meta":"default","adv-header-id-meta":"","stick-header-meta":"default","header-above-stick-meta":"","header-main-stick-meta":"","header-below-stick-meta":"","astra-migrate-meta-layouts":"set","ast-page-background-enabled":"default","ast-page-background-meta":{"desktop":{"background-color":"var(--ast-global-color-4)","background-image":"","background-repeat":"repeat","background-position":"center center","background-size":"auto","background-attachment":"scroll","background-type":"","background-media":"","overlay-type":"","overlay-color":"","overlay-opacity":"","overlay-gradient":""},"tablet":{"background-color":"","background-image":"","background-repeat":"repeat","background-position":"center center","background-size":"auto","background-attachment":"scroll","background-type":"","background-media":"","overlay-type":"","overlay-color":"","overlay-opacity":"","overlay-gradient":""},"mobile":{"background-color":"","background-image":"","background-repeat":"repeat","background-position":"center center","background-size":"auto","background-attachment":"scroll","background-type":"","background-media":"","overlay-type":"","overlay-color":"","overlay-opacity":"","overlay-gradient":""}},"ast-content-background-meta":{"desktop":{"background-color":"var(--ast-global-color-5)","background-image":"","background-repeat":"repeat","background-position":"center center","background-size":"auto","background-attachment":"scroll","background-type":"","background-media":"","overlay-type":"","overlay-color":"","overlay-opacity":"","overlay-gradient":""},"tablet":{"background-color":"var(--ast-global-color-5)","background-image":"","background-repeat":"repeat","background-position":"center center","background-size":"auto","background-attachment":"scroll","background-type":"","background-media":"","overlay-type":"","overlay-color":"","overlay-opacity":"","overlay-gradient":""},"mobile":{"background-color":"var(--ast-global-color-5)","background-image":"","background-repeat":"repeat","background-position":"center center","background-size":"auto","background-attachment":"scroll","background-type":"","background-media":"","overlay-type":"","overlay-color":"","overlay-opacity":"","overlay-gradient":""}},"_joinchat":[]},"product_brand":[76],"product_cat":[16,300,301,326,157,325],"product_tag":[],"class_list":{"0":"post-2098","1":"product","2":"type-product","3":"status-publish","4":"has-post-thumbnail","6":"product_brand-boutique-flores-floristeria","7":"product_cat-amor-y-amistad","8":"product_cat-aniversario","9":"product_cat-cumpleanos","10":"product_cat-dia-de-la-madre","11":"product_cat-ramo-floral","12":"product_cat-san-valentin","13":"desktop-align-center","14":"tablet-align-left","15":"mobile-align-center","16":"ast-product-gallery-layout-vertical-slider","17":"ast-product-tabs-layout-horizontal","18":"ast-qv-on-image","20":"first","21":"instock","22":"shipping-taxable","23":"purchasable","24":"product-type-simple"},"_links":{"self":[{"href":"https:\/\/boutiquefloresfloristeria.com\/en\/wp-json\/wp\/v2\/product\/2098","targetHints":{"allow":["GET"]}}],"collection":[{"href":"https:\/\/boutiquefloresfloristeria.com\/en\/wp-json\/wp\/v2\/product"}],"about":[{"href":"https:\/\/boutiquefloresfloristeria.com\/en\/wp-json\/wp\/v2\/types\/product"}],"wp:featuredmedia":[{"embeddable":true,"href":"https:\/\/boutiquefloresfloristeria.com\/en\/wp-json\/wp\/v2\/media\/2094"}],"wp:attachment":[{"href":"https:\/\/boutiquefloresfloristeria.com\/en\/wp-json\/wp\/v2\/media?parent=2098"}],"wp:term":[{"taxonomy":"product_brand","embeddable":true,"href":"https:\/\/boutiquefloresfloristeria.com\/en\/wp-json\/wp\/v2\/product_brand?post=2098"},{"taxonomy":"product_cat","embeddable":true,"href":"https:\/\/boutiquefloresfloristeria.com\/en\/wp-json\/wp\/v2\/product_cat?post=2098"},{"taxonomy":"product_tag","embeddable":true,"href":"https:\/\/boutiquefloresfloristeria.com\/en\/wp-json\/wp\/v2\/product_tag?post=2098"}],"curies":[{"name":"wp","href":"https:\/\/api.w.org\/{rel}","templated":true}]}}