{"id":2099,"date":"2026-05-09T02:50:53","date_gmt":"2026-05-09T07:50:53","guid":{"rendered":"https:\/\/boutiquefloresfloristeria.com\/?post_type=product&#038;p=2099"},"modified":"2026-05-09T02:50:54","modified_gmt":"2026-05-09T07:50:54","slug":"2099","status":"publish","type":"product","link":"https:\/\/boutiquefloresfloristeria.com\/en\/tienda\/amor-y-amistad\/2099\/","title":{"rendered":""},"content":{"rendered":"<p data-start=\"218\" data-end=\"348\">\u201cRayitos de Amor\u201d es un ramillete encantador que combina la elegancia de las rosas con la energ\u00eda y alegr\u00eda de los girasoles \ud83c\udf39\ud83c\udf3b\u2728<\/p>\n<p data-start=\"350\" data-end=\"599\">Su dise\u00f1o fresco, delicado y lleno de color lo convierte en el detalle perfecto para cumplea\u00f1os, agradecimientos, celebraciones especiales, D\u00eda de la Madre o simplemente para sorprender a alguien especial con un regalo lleno de amor y felicidad \ud83d\udc90\ud83e\udd0d<\/p>\n<p data-start=\"601\" data-end=\"761\">Los girasoles simbolizan luz, felicidad y admiraci\u00f3n, mientras que las rosas aportan romanticismo y ternura, creando una combinaci\u00f3n armoniosa y muy especial \ud83c\udf38<\/p>\n<p data-start=\"763\" data-end=\"892\">\ud83c\udf38 Includes:<br \/>\n\u2022 Girasoles frescos<br data-start=\"794\" data-end=\"797\" \/>\u2022 Rosas premium<br data-start=\"812\" data-end=\"815\" \/>\u2022 Follajes decorativos<br data-start=\"837\" data-end=\"840\" \/>\u2022 Envoltura elegante<br data-start=\"860\" data-end=\"863\" \/>\u2022 Mo\u00f1os y acabados especiales<\/p>\n<p data-start=\"894\" data-end=\"932\" data-is-last-node=\"\" data-is-only-node=\"\">\u2728 Disponible para entrega en Medell\u00edn.<\/p>","protected":false},"excerpt":{"rendered":"<p>A beautiful bouquet of roses and sunflowers, perfect for conveying love, joy and light in a detail full of life.<\/p>","protected":false},"featured_media":2088,"template":"","meta":{"site-sidebar-layout":"default","site-content-layout":"","ast-site-content-layout":"default","site-content-style":"default","site-sidebar-style":"default","ast-global-header-display":"","ast-banner-title-visibility":"","ast-main-header-display":"","ast-hfb-above-header-display":"","ast-hfb-below-header-display":"","ast-hfb-mobile-header-display":"","site-post-title":"","ast-breadcrumbs-content":"","ast-featured-img":"","footer-sml-layout":"","ast-disable-related-posts":"","theme-transparent-header-meta":"default","adv-header-id-meta":"","stick-header-meta":"default","header-above-stick-meta":"","header-main-stick-meta":"","header-below-stick-meta":"","astra-migrate-meta-layouts":"set","ast-page-background-enabled":"default","ast-page-background-meta":{"desktop":{"background-color":"var(--ast-global-color-4)","background-image":"","background-repeat":"repeat","background-position":"center center","background-size":"auto","background-attachment":"scroll","background-type":"","background-media":"","overlay-type":"","overlay-color":"","overlay-opacity":"","overlay-gradient":""},"tablet":{"background-color":"","background-image":"","background-repeat":"repeat","background-position":"center center","background-size":"auto","background-attachment":"scroll","background-type":"","background-media":"","overlay-type":"","overlay-color":"","overlay-opacity":"","overlay-gradient":""},"mobile":{"background-color":"","background-image":"","background-repeat":"repeat","background-position":"center center","background-size":"auto","background-attachment":"scroll","background-type":"","background-media":"","overlay-type":"","overlay-color":"","overlay-opacity":"","overlay-gradient":""}},"ast-content-background-meta":{"desktop":{"background-color":"var(--ast-global-color-5)","background-image":"","background-repeat":"repeat","background-position":"center center","background-size":"auto","background-attachment":"scroll","background-type":"","background-media":"","overlay-type":"","overlay-color":"","overlay-opacity":"","overlay-gradient":""},"tablet":{"background-color":"var(--ast-global-color-5)","background-image":"","background-repeat":"repeat","background-position":"center center","background-size":"auto","background-attachment":"scroll","background-type":"","background-media":"","overlay-type":"","overlay-color":"","overlay-opacity":"","overlay-gradient":""},"mobile":{"background-color":"var(--ast-global-color-5)","background-image":"","background-repeat":"repeat","background-position":"center center","background-size":"auto","background-attachment":"scroll","background-type":"","background-media":"","overlay-type":"","overlay-color":"","overlay-opacity":"","overlay-gradient":""}},"_joinchat":[]},"product_brand":[76],"product_cat":[16,300,301,326,325],"product_tag":[338],"class_list":{"0":"post-2099","1":"product","2":"type-product","3":"status-publish","4":"has-post-thumbnail","6":"product_brand-boutique-flores-floristeria","7":"product_cat-amor-y-amistad","8":"product_cat-aniversario","9":"product_cat-cumpleanos","10":"product_cat-dia-de-la-madre","11":"product_cat-san-valentin","12":"product_tag-rayitos-de-amor","13":"desktop-align-center","14":"tablet-align-left","15":"mobile-align-center","16":"ast-product-gallery-layout-vertical-slider","17":"ast-product-gallery-with-no-image","18":"ast-product-tabs-layout-horizontal","19":"ast-qv-on-image","21":"first","22":"instock","23":"shipping-taxable","24":"purchasable","25":"product-type-simple"},"_links":{"self":[{"href":"https:\/\/boutiquefloresfloristeria.com\/en\/wp-json\/wp\/v2\/product\/2099","targetHints":{"allow":["GET"]}}],"collection":[{"href":"https:\/\/boutiquefloresfloristeria.com\/en\/wp-json\/wp\/v2\/product"}],"about":[{"href":"https:\/\/boutiquefloresfloristeria.com\/en\/wp-json\/wp\/v2\/types\/product"}],"wp:featuredmedia":[{"embeddable":true,"href":"https:\/\/boutiquefloresfloristeria.com\/en\/wp-json\/wp\/v2\/media\/2088"}],"wp:attachment":[{"href":"https:\/\/boutiquefloresfloristeria.com\/en\/wp-json\/wp\/v2\/media?parent=2099"}],"wp:term":[{"taxonomy":"product_brand","embeddable":true,"href":"https:\/\/boutiquefloresfloristeria.com\/en\/wp-json\/wp\/v2\/product_brand?post=2099"},{"taxonomy":"product_cat","embeddable":true,"href":"https:\/\/boutiquefloresfloristeria.com\/en\/wp-json\/wp\/v2\/product_cat?post=2099"},{"taxonomy":"product_tag","embeddable":true,"href":"https:\/\/boutiquefloresfloristeria.com\/en\/wp-json\/wp\/v2\/product_tag?post=2099"}],"curies":[{"name":"wp","href":"https:\/\/api.w.org\/{rel}","templated":true}]}}